{"id":7,"date":"2025-04-04T10:16:44","date_gmt":"2025-04-04T10:16:44","guid":{"rendered":"https:\/\/lions.fo\/tn\/?page_id=7"},"modified":"2025-07-03T07:24:40","modified_gmt":"2025-07-03T07:24:40","slug":"nevndir","status":"publish","type":"page","link":"https:\/\/lions.fo\/tn\/?page_id=7","title":{"rendered":"Nevndir"},"content":{"rendered":"<table width=\"0\">\n<tbody>\n<tr>\n<td width=\"172\"><strong>A\u00f0alnevnd<\/strong><\/td>\n<td width=\"88\"><strong>Heiti<\/strong><\/td>\n<td width=\"171\"><strong>Navn<\/strong><\/td>\n<\/tr>\n<tr>\n<td width=\"172\">Forseti<\/td>\n<td width=\"88\">P<\/td>\n<td width=\"171\">Leif Ellingsgaard<\/td>\n<\/tr>\n<tr>\n<td width=\"172\">Varaforseti<\/td>\n<td width=\"88\">VP<\/td>\n<td width=\"171\">Martin Berg<\/td>\n<\/tr>\n<tr>\n<td width=\"172\">Farni Forseti<\/td>\n<td width=\"88\">PP<\/td>\n<td width=\"171\">Karl Eli Sigvardsen<\/td>\n<\/tr>\n<tr>\n<td width=\"172\">Skrivari<\/td>\n<td width=\"88\">S<\/td>\n<td width=\"171\">J\u00f3gvan Emil Nielsen<\/td>\n<\/tr>\n<tr>\n<td width=\"172\">Kassameistari<\/td>\n<td width=\"88\">K<\/td>\n<td width=\"171\">Alvi Nielsen<\/td>\n<\/tr>\n<tr>\n<td width=\"172\">Kveikjari<\/td>\n<td width=\"88\">T<\/td>\n<td width=\"171\">Gunnar Streymoy<\/td>\n<\/tr>\n<tr>\n<td width=\"172\">Klubbav\u00f8r\u00f0ur \/ PR<\/td>\n<td width=\"88\">CM<\/td>\n<td width=\"171\">Jan Christiansen<\/td>\n<\/tr>\n<tr>\n<td width=\"172\"><\/td>\n<td width=\"88\"><\/td>\n<td width=\"171\"><\/td>\n<\/tr>\n<tr>\n<td width=\"172\"><strong>\u00c1litisst\u00f8rv<\/strong><\/td>\n<td width=\"88\"><\/td>\n<td width=\"171\"><\/td>\n<\/tr>\n<tr>\n<td width=\"172\">Altj\u00f3\u00f0a samskifti<\/td>\n<td width=\"88\">IR<\/td>\n<td width=\"171\">Niels Nattestad<\/td>\n<\/tr>\n<tr>\n<td width=\"172\">Youth Camp &amp; Exchange<\/td>\n<td width=\"88\">YCE<\/td>\n<td width=\"171\">Poul Geert Hansen<\/td>\n<\/tr>\n<tr>\n<td width=\"172\">Matrikkul &amp; Merkisdagar<\/td>\n<td width=\"88\"><\/td>\n<td width=\"171\">Limanevndin<\/td>\n<\/tr>\n<tr>\n<td width=\"172\">N\u00e1lir, o.a.<\/td>\n<td width=\"88\"><\/td>\n<td width=\"171\">Limanevndin<\/td>\n<\/tr>\n<tr>\n<td width=\"172\"><\/td>\n<td width=\"88\"><\/td>\n<td width=\"171\"><\/td>\n<\/tr>\n<tr>\n<td width=\"172\"><strong>Nevndarformenn<\/strong><\/td>\n<td width=\"88\"><\/td>\n<td width=\"171\"><\/td>\n<\/tr>\n<tr>\n<td width=\"172\">Tulipannevnd<\/td>\n<td width=\"88\">U1<\/td>\n<td width=\"171\">J\u00f3gvan S\u00f8rin Hansen<\/td>\n<\/tr>\n<tr>\n<td width=\"172\">Limanevnd<\/td>\n<td width=\"88\">U2<\/td>\n<td width=\"171\">Mortan Poulsen<\/td>\n<\/tr>\n<tr>\n<td width=\"172\">St\u00f3rsteypadystur<\/td>\n<td width=\"88\">U3<\/td>\n<td width=\"171\">B\u00f8rge B. Hansen<\/td>\n<\/tr>\n<tr>\n<td width=\"172\">\u00c1rsins borgari<\/td>\n<td width=\"88\">U4<\/td>\n<td width=\"171\">Petur Elias Petersen<\/td>\n<\/tr>\n<tr>\n<td width=\"172\">Veitslunevnd<\/td>\n<td width=\"88\">U5<\/td>\n<td width=\"171\">Niels A. Joensen<\/td>\n<\/tr>\n<tr>\n<td width=\"172\">J\u00f3lanevnd<\/td>\n<td width=\"88\">U6<\/td>\n<td width=\"171\">Kim Petersen<\/td>\n<\/tr>\n<tr>\n<td width=\"172\">H\u00fasanevnd<\/td>\n<td width=\"88\">U7<\/td>\n<td width=\"171\">A\u00f0alnevndin<\/td>\n<\/tr>\n<tr>\n<td width=\"172\">Kalendaranevnd<\/td>\n<td width=\"88\">U8<\/td>\n<td width=\"171\">Jan Christiansen<\/td>\n<\/tr>\n<tr>\n<td width=\"172\">\u00d3lavs\u00f8kunevnd<\/td>\n<td width=\"88\">U9<\/td>\n<td width=\"171\">Poul Geert Hansen<\/td>\n<\/tr>\n<tr>\n<td width=\"172\">Mi\u00f0lanevndin<\/td>\n<td width=\"88\">U10<\/td>\n<td width=\"171\">Hilmar Jan Hansen<\/td>\n<\/tr>\n<tr>\n<td width=\"172\"><\/td>\n<td width=\"88\"><\/td>\n<td width=\"171\"><\/td>\n<\/tr>\n<tr>\n<td width=\"172\"><strong>Grannsko\u00f0arar<\/strong><\/td>\n<td width=\"88\"><\/td>\n<td width=\"171\"><\/td>\n<\/tr>\n<tr>\n<td width=\"172\">Finn Nielsen<\/td>\n<td width=\"88\"><\/td>\n<td width=\"171\"><\/td>\n<\/tr>\n<tr>\n<td width=\"172\">Niels A. Joensen<\/td>\n<td width=\"88\"><\/td>\n<td width=\"171\"><\/td>\n<\/tr>\n<tr>\n<td width=\"172\"><\/td>\n<td width=\"88\"><\/td>\n<td width=\"171\"><\/td>\n<\/tr>\n<tr>\n<td width=\"172\"><strong>Umbo\u00f0 \u00ed \u00f8kinum<\/strong><\/td>\n<td width=\"88\"><\/td>\n<td width=\"171\"><\/td>\n<\/tr>\n<tr>\n<td width=\"172\">\u00d8kisfundurin<\/td>\n<td width=\"88\"><\/td>\n<td width=\"171\">\u00a0Leif Ellingsgaard<\/td>\n<\/tr>\n<tr>\n<td width=\"172\">Lions Quest<\/td>\n<td width=\"88\"><\/td>\n<td width=\"171\">Marni Abrahamsen<\/td>\n<\/tr>\n<tr>\n<td width=\"172\"><\/td>\n<td width=\"88\"><\/td>\n<td width=\"171\"><\/td>\n<\/tr>\n<tr>\n<td width=\"172\"><strong>Tulipannevndin<\/strong><\/td>\n<td width=\"88\"><strong>U1<\/strong><\/td>\n<td width=\"171\"><\/td>\n<\/tr>\n<tr>\n<td width=\"172\">J\u00f3gvan S\u00f8rin Hansen<\/td>\n<td width=\"88\">Forma\u00f0ur<\/td>\n<td width=\"171\"><\/td>\n<\/tr>\n<tr>\n<td width=\"172\">Alvi Nielsen<\/td>\n<td width=\"88\"><\/td>\n<td width=\"171\"><\/td>\n<\/tr>\n<tr>\n<td width=\"172\">Leif Ellingsgaard<\/td>\n<td width=\"88\"><\/td>\n<td width=\"171\"><\/td>\n<\/tr>\n<tr>\n<td width=\"172\">Mortan Poulsen<\/td>\n<td width=\"88\"><\/td>\n<td width=\"171\"><\/td>\n<\/tr>\n<tr>\n<td width=\"172\">Niels Juul Nattestad<\/td>\n<td width=\"88\"><\/td>\n<td width=\"171\"><\/td>\n<\/tr>\n<tr>\n<td width=\"172\">Heri Joensen<\/td>\n<td width=\"88\"><\/td>\n<td width=\"171\"><\/td>\n<\/tr>\n<tr>\n<td width=\"172\">Jens Pauli Petersen<\/td>\n<td width=\"88\"><\/td>\n<td width=\"171\"><\/td>\n<\/tr>\n<tr>\n<td width=\"172\"><\/td>\n<td width=\"88\"><\/td>\n<td width=\"171\"><\/td>\n<\/tr>\n<tr>\n<td width=\"172\"><strong>Limanevnd<\/strong><\/td>\n<td width=\"88\"><strong>U2<\/strong><\/td>\n<td width=\"171\"><\/td>\n<\/tr>\n<tr>\n<td width=\"172\">Mortan Poulsen<\/td>\n<td width=\"88\">Forma\u00f0ur<\/td>\n<td width=\"171\"><\/td>\n<\/tr>\n<tr>\n<td width=\"172\">Petur Elias Petersen<\/td>\n<td width=\"88\"><\/td>\n<td width=\"171\"><\/td>\n<\/tr>\n<tr>\n<td width=\"172\">\u00d3la J\u00e1kup Kristoffersen<\/td>\n<td width=\"88\"><\/td>\n<td width=\"171\"><\/td>\n<\/tr>\n<tr>\n<td width=\"172\"><\/td>\n<td width=\"88\"><\/td>\n<td width=\"171\"><\/td>\n<\/tr>\n<tr>\n<td width=\"172\"><strong>St\u00f3rsteypadystur<\/strong><\/td>\n<td width=\"88\"><strong>U3<\/strong><\/td>\n<td width=\"171\"><\/td>\n<\/tr>\n<tr>\n<td width=\"172\">B\u00f8rge B. Hansen<\/td>\n<td width=\"88\">Forma\u00f0ur<\/td>\n<td width=\"171\"><\/td>\n<\/tr>\n<tr>\n<td width=\"172\">Egga Jensen<\/td>\n<td width=\"88\"><\/td>\n<td width=\"171\"><\/td>\n<\/tr>\n<tr>\n<td width=\"172\">Petur Weihe<\/td>\n<td width=\"88\"><\/td>\n<td width=\"171\"><\/td>\n<\/tr>\n<tr>\n<td width=\"172\">Gunnar Streymoy<\/td>\n<td width=\"88\"><\/td>\n<td width=\"171\"><\/td>\n<\/tr>\n<tr>\n<td width=\"172\"><\/td>\n<td width=\"88\"><\/td>\n<td width=\"171\"><\/td>\n<\/tr>\n<tr>\n<td width=\"172\">He\u00f0in Joensen<\/td>\n<td width=\"88\"><\/td>\n<td width=\"171\"><\/td>\n<\/tr>\n<tr>\n<td width=\"172\">Bent J\u00e1kup Hansen<\/td>\n<td width=\"88\"><\/td>\n<td width=\"171\"><\/td>\n<\/tr>\n<tr>\n<td width=\"172\">Niels Nattestad<\/td>\n<td width=\"88\"><\/td>\n<td width=\"171\"><\/td>\n<\/tr>\n<tr>\n<td width=\"172\"><\/td>\n<td width=\"88\"><\/td>\n<td width=\"171\"><\/td>\n<\/tr>\n<tr>\n<td width=\"172\"><strong>\u00c1rsins borgari<\/strong><\/td>\n<td width=\"88\"><strong>U4<\/strong><\/td>\n<td width=\"171\"><\/td>\n<\/tr>\n<tr>\n<td width=\"172\">Petur Elias Petersen<\/td>\n<td width=\"88\">Forma\u00f0ur<\/td>\n<td width=\"171\"><\/td>\n<\/tr>\n<tr>\n<td width=\"172\">Egil Simonsen<\/td>\n<td width=\"88\"><\/td>\n<td width=\"171\"><\/td>\n<\/tr>\n<tr>\n<td width=\"172\">Christian Christiansen<\/td>\n<td width=\"88\"><\/td>\n<td width=\"171\"><\/td>\n<\/tr>\n<tr>\n<td width=\"172\">D\u00e1njal Joensen<\/td>\n<td width=\"88\"><\/td>\n<td width=\"171\"><\/td>\n<\/tr>\n<tr>\n<td width=\"172\">He\u00f0in Mortensen<\/td>\n<td width=\"88\"><\/td>\n<td width=\"171\"><\/td>\n<\/tr>\n<tr>\n<td width=\"172\"><\/td>\n<td width=\"88\"><\/td>\n<td width=\"171\"><\/td>\n<\/tr>\n<tr>\n<td width=\"172\"><strong>Veitslunevnd<\/strong><\/td>\n<td width=\"88\"><strong>U5<\/strong><\/td>\n<td width=\"171\"><\/td>\n<\/tr>\n<tr>\n<td width=\"172\">Niels A. Joensen<\/td>\n<td width=\"88\">Forma\u00f0ur<\/td>\n<td width=\"171\"><\/td>\n<\/tr>\n<tr>\n<td width=\"172\">Rasmus Magnussen<\/td>\n<td width=\"88\"><\/td>\n<td width=\"171\"><\/td>\n<\/tr>\n<tr>\n<td width=\"172\">S\u00e1mal J\u00e1kup Joensen<\/td>\n<td width=\"88\"><\/td>\n<td width=\"171\"><\/td>\n<\/tr>\n<tr>\n<td width=\"172\">Jan Christiansen<\/td>\n<td width=\"88\"><\/td>\n<td width=\"171\"><\/td>\n<\/tr>\n<tr>\n<td width=\"172\">Petur Eirik Djurhuus<\/td>\n<td width=\"88\"><\/td>\n<td width=\"171\"><\/td>\n<\/tr>\n<tr>\n<td width=\"172\">Marni Abrahamsen<\/td>\n<td width=\"88\"><\/td>\n<td width=\"171\"><\/td>\n<\/tr>\n<tr>\n<td width=\"172\">Annfinnur Heinesen<\/td>\n<td width=\"88\"><\/td>\n<td width=\"171\"><\/td>\n<\/tr>\n<tr>\n<td width=\"172\"><\/td>\n<td width=\"88\"><\/td>\n<td width=\"171\"><\/td>\n<\/tr>\n<tr>\n<td width=\"172\"><strong>J\u00f3lanevndin<\/strong><\/td>\n<td width=\"88\"><strong>U6<\/strong><\/td>\n<td width=\"171\"><\/td>\n<\/tr>\n<tr>\n<td width=\"172\">Kim Petersen<\/td>\n<td width=\"88\">Forma\u00f0ur<\/td>\n<td width=\"171\"><\/td>\n<\/tr>\n<tr>\n<td width=\"172\">Hans Andor Johannesen<\/td>\n<td width=\"88\"><\/td>\n<td width=\"171\"><\/td>\n<\/tr>\n<tr>\n<td width=\"172\">H\u00f8gni Mikkelsen<\/td>\n<td width=\"88\"><\/td>\n<td width=\"171\"><\/td>\n<\/tr>\n<tr>\n<td width=\"172\">J\u00f3an Petur Hentze<\/td>\n<td width=\"88\"><\/td>\n<td width=\"171\"><\/td>\n<\/tr>\n<tr>\n<td width=\"172\">\u00c1rni Svartafoss<\/td>\n<td width=\"88\"><\/td>\n<td width=\"171\"><\/td>\n<\/tr>\n<tr>\n<td width=\"172\">Martin Berg<\/td>\n<td width=\"88\"><\/td>\n<td width=\"171\"><\/td>\n<\/tr>\n<tr>\n<td width=\"172\">Hans Petur Joensen<\/td>\n<td width=\"88\"><\/td>\n<td width=\"171\"><\/td>\n<\/tr>\n<tr>\n<td width=\"172\">Torfinn H\u00f8jgaard<\/td>\n<td width=\"88\"><\/td>\n<td width=\"171\"><\/td>\n<\/tr>\n<tr>\n<td width=\"172\">Marni Abrahamsen<\/td>\n<td width=\"88\"><\/td>\n<td width=\"171\"><\/td>\n<\/tr>\n<tr>\n<td width=\"172\"><\/td>\n<td width=\"88\"><\/td>\n<td width=\"171\"><\/td>\n<\/tr>\n<tr>\n<td width=\"172\"><\/td>\n<td width=\"88\"><\/td>\n<td width=\"171\"><\/td>\n<\/tr>\n<tr>\n<td width=\"172\"><\/td>\n<td width=\"88\"><\/td>\n<td width=\"171\"><\/td>\n<\/tr>\n<tr>\n<td width=\"172\"><\/td>\n<td width=\"88\"><\/td>\n<td width=\"171\"><\/td>\n<\/tr>\n<tr>\n<td width=\"172\"><strong>Kalendaranevnd<\/strong><\/td>\n<td width=\"88\"><strong>U8<\/strong><\/td>\n<td width=\"171\"><\/td>\n<\/tr>\n<tr>\n<td width=\"172\">Jan Christiansen<\/td>\n<td width=\"88\">Forma\u00f0ur<\/td>\n<td width=\"171\"><\/td>\n<\/tr>\n<tr>\n<td width=\"172\">Torfinn H\u00f8jgaard<\/td>\n<td width=\"88\"><\/td>\n<td width=\"171\"><\/td>\n<\/tr>\n<tr>\n<td width=\"172\">Andras R. Marr<\/td>\n<td width=\"88\"><\/td>\n<td width=\"171\"><\/td>\n<\/tr>\n<tr>\n<td width=\"172\"><\/td>\n<td width=\"88\"><\/td>\n<td width=\"171\"><\/td>\n<\/tr>\n<tr>\n<td width=\"172\"><strong>\u00d3lavs\u00f8kunevndin<\/strong><\/td>\n<td width=\"88\"><strong>U9<\/strong><\/td>\n<td width=\"171\"><\/td>\n<\/tr>\n<tr>\n<td width=\"172\">Poul Geert Hansen<\/td>\n<td width=\"88\">Forma\u00f0ur<\/td>\n<td width=\"171\"><\/td>\n<\/tr>\n<tr>\n<td width=\"172\">J\u00f3gvan Emil Nielsen<\/td>\n<td width=\"88\">Varaforma\u00f0ur<\/td>\n<td width=\"171\"><\/td>\n<\/tr>\n<tr>\n<td width=\"172\">Jens Pauli Petersen<\/td>\n<td width=\"88\"><\/td>\n<td width=\"171\"><\/td>\n<\/tr>\n<tr>\n<td width=\"172\">Egil Simonsen<\/td>\n<td width=\"88\"><\/td>\n<td width=\"171\"><\/td>\n<\/tr>\n<tr>\n<td width=\"172\">Marni Abrahamsen<\/td>\n<td width=\"88\"><\/td>\n<td width=\"171\"><\/td>\n<\/tr>\n<tr>\n<td width=\"172\">Bent J\u00e1kup Hansen<\/td>\n<td width=\"88\"><\/td>\n<td width=\"171\"><\/td>\n<\/tr>\n<tr>\n<td width=\"172\">Gunnar Streymoy<\/td>\n<td width=\"88\"><\/td>\n<td width=\"171\"><\/td>\n<\/tr>\n<tr>\n<td width=\"172\"><\/td>\n<td width=\"88\"><\/td>\n<td width=\"171\"><\/td>\n<\/tr>\n<tr>\n<td width=\"172\"><strong>Mi\u00f0lanevndin<\/strong><\/td>\n<td width=\"88\"><strong>U10<\/strong><\/td>\n<td width=\"171\"><\/td>\n<\/tr>\n<tr>\n<td width=\"172\">Hilmar Jan Hansen<\/td>\n<td width=\"88\">Forma\u00f0ur<\/td>\n<td width=\"171\"><\/td>\n<\/tr>\n<tr>\n<td width=\"172\">Petur Elias Petersen<\/td>\n<td width=\"88\"><\/td>\n<td width=\"171\"><\/td>\n<\/tr>\n<tr>\n<td width=\"172\">Hannis Egholm<\/td>\n<td width=\"88\"><\/td>\n<td width=\"171\"><\/td>\n<\/tr>\n<\/tbody>\n<\/table>\n","protected":false},"excerpt":{"rendered":"<p>A\u00f0alnevnd Heiti Navn Forseti P Leif Ellingsgaard Varaforseti VP Martin Berg Farni Forseti PP Karl Eli Sigvardsen Skrivari S J\u00f3gvan Emil Nielsen Kassameistari K Alvi Nielsen Kveikjari T Gunnar Streymoy Klubbav\u00f8r\u00f0ur \/ PR CM Jan Christiansen \u00c1litisst\u00f8rv Altj\u00f3\u00f0a samskifti IR Niels Nattestad Youth Camp &amp; Exchange YCE Poul Geert Hansen Matrikkul &amp; Merkisdagar Limanevndin N\u00e1lir, [&hellip;]<\/p>\n","protected":false},"author":1,"featured_media":0,"parent":0,"menu_order":0,"comment_status":"closed","ping_status":"closed","template":"","meta":{"footnotes":""},"class_list":["post-7","page","type-page","status-publish","hentry"],"_links":{"self":[{"href":"https:\/\/lions.fo\/tn\/index.php?rest_route=\/wp\/v2\/pages\/7","targetHints":{"allow":["GET"]}}],"collection":[{"href":"https:\/\/lions.fo\/tn\/index.php?rest_route=\/wp\/v2\/pages"}],"about":[{"href":"https:\/\/lions.fo\/tn\/index.php?rest_route=\/wp\/v2\/types\/page"}],"author":[{"embeddable":true,"href":"https:\/\/lions.fo\/tn\/index.php?rest_route=\/wp\/v2\/users\/1"}],"replies":[{"embeddable":true,"href":"https:\/\/lions.fo\/tn\/index.php?rest_route=%2Fwp%2Fv2%2Fcomments&post=7"}],"version-history":[{"count":8,"href":"https:\/\/lions.fo\/tn\/index.php?rest_route=\/wp\/v2\/pages\/7\/revisions"}],"predecessor-version":[{"id":147,"href":"https:\/\/lions.fo\/tn\/index.php?rest_route=\/wp\/v2\/pages\/7\/revisions\/147"}],"wp:attachment":[{"href":"https:\/\/lions.fo\/tn\/index.php?rest_route=%2Fwp%2Fv2%2Fmedia&parent=7"}],"curies":[{"name":"wp","href":"https:\/\/api.w.org\/{rel}","templated":true}]}}