{"id":48,"date":"2025-04-04T21:14:58","date_gmt":"2025-04-04T21:14:58","guid":{"rendered":"https:\/\/lions.fo\/tn\/?page_id=48"},"modified":"2025-04-06T11:51:32","modified_gmt":"2025-04-06T11:51:32","slug":"heim","status":"publish","type":"page","link":"https:\/\/lions.fo\/tn\/","title":{"rendered":"Heim"},"content":{"rendered":"\t\t<div data-elementor-type=\"wp-page\" data-elementor-id=\"48\" class=\"elementor elementor-48\" data-elementor-post-type=\"page\">\n\t\t\t\t<div class=\"elementor-element elementor-element-8609f15 e-flex e-con-boxed e-con e-parent\" data-id=\"8609f15\" data-element_type=\"container\">\n\t\t\t\t\t<div class=\"e-con-inner\">\n\t\t\t\t<div class=\"elementor-element elementor-element-2e27ba6 elementor-widget elementor-widget-heading\" data-id=\"2e27ba6\" data-element_type=\"widget\" data-widget_type=\"heading.default\">\n\t\t\t\t<div class=\"elementor-widget-container\">\n\t\t\t\t\t<h2 class=\"elementor-heading-title elementor-size-default\">Tilt\u00f8k<\/h2>\t\t\t\t<\/div>\n\t\t\t\t<\/div>\n\t\t\t\t\t<\/div>\n\t\t\t\t<\/div>\n\t\t<div class=\"elementor-element elementor-element-065be40 e-grid e-con-boxed e-con e-parent\" data-id=\"065be40\" data-element_type=\"container\">\n\t\t\t\t\t<div class=\"e-con-inner\">\n\t\t<div class=\"elementor-element elementor-element-3654b0c e-grid e-con-full e-con e-child\" data-id=\"3654b0c\" data-element_type=\"container\">\n\t\t\t\t<div class=\"elementor-element elementor-element-7672389 elementor-position-top elementor-widget elementor-widget-image-box\" data-id=\"7672389\" data-element_type=\"widget\" data-widget_type=\"image-box.default\">\n\t\t\t\t<div class=\"elementor-widget-container\">\n\t\t\t\t\t<div class=\"elementor-image-box-wrapper\"><figure class=\"elementor-image-box-img\"><img decoding=\"async\" src=\"https:\/\/lions.fo\/tn\/wp-content\/uploads\/elementor\/thumbs\/Storsteypadystur-kvinnur-800x600-1-r3ye4pfn1e01z4puqe92ly3srb3qkofqx9tnyf0b5c.jpg\" title=\"Sto\u0301rsteypadystur kvinnur 800&#215;600\" alt=\"Sto\u0301rsteypadystur kvinnur 800x600\" loading=\"lazy\" \/><\/figure><div class=\"elementor-image-box-content\"><h3 class=\"elementor-image-box-title\">St\u00f3rsteypadysturin<\/h3><p class=\"elementor-image-box-description\">\u00c1rligu st\u00f3rsteypadystirnir hj\u00e1 kvinnum og monnum \u00ed f\u00f3tb\u00f3lti ver\u00f0a sp\u00e6ldir \u00e1 T\u00f3rsv\u00f8lli \u00e1 hv\u00f8rjum \u00e1ri\u00f0, \u00e1\u00f0renn f\u00f3tb\u00f3ltskappingin byrjar. Li\u00f0ini, i\u00f0 m\u00f8tast, eru tey, i\u00f0 st\u00f3\u00f0u seg best undanfarna kappingar\u00e1r - \u00e1vikavist vinnarar av FM og vinnarin av steypakappingini.<\/p><\/div><\/div>\t\t\t\t<\/div>\n\t\t\t\t<\/div>\n\t\t\t\t<div class=\"elementor-element elementor-element-e03070d elementor-position-top elementor-widget elementor-widget-image-box\" data-id=\"e03070d\" data-element_type=\"widget\" data-widget_type=\"image-box.default\">\n\t\t\t\t<div class=\"elementor-widget-container\">\n\t\t\t\t\t<div class=\"elementor-image-box-wrapper\"><figure class=\"elementor-image-box-img\"><img fetchpriority=\"high\" decoding=\"async\" width=\"800\" height=\"600\" src=\"https:\/\/lions.fo\/tn\/wp-content\/uploads\/2025\/04\/Lionsbikarid-800x600-1.jpg\" class=\"attachment-full size-full wp-image-63\" alt=\"\" srcset=\"https:\/\/lions.fo\/tn\/wp-content\/uploads\/2025\/04\/Lionsbikarid-800x600-1.jpg 800w, https:\/\/lions.fo\/tn\/wp-content\/uploads\/2025\/04\/Lionsbikarid-800x600-1-300x225.jpg 300w, https:\/\/lions.fo\/tn\/wp-content\/uploads\/2025\/04\/Lionsbikarid-800x600-1-768x576.jpg 768w\" sizes=\"(max-width: 800px) 100vw, 800px\" \/><\/figure><div class=\"elementor-image-box-content\"><h3 class=\"elementor-image-box-title\">Lionsbikari\u00f0<\/h3><p class=\"elementor-image-box-description\">Bestu hondb\u00f3ltsli\u00f0ini hj\u00e1 kvinnum og monnum \u00ed kappast um Lionsbikari\u00f0. Sp\u00e6lt ver\u00f0ur um ta\u00f0 \u00ed t\u00edggju \u00e1r, og so f\u00e6r felagi\u00f0, i\u00f0 hevur vunni\u00f0 oftast, bikari\u00f0 til ognar. Stendur \u00e1 j\u00f8vnum millum tvey ella fleiri fel\u00f8g eftir hesi t\u00edggu \u00e1rini, ver\u00f0ur sp\u00e6lt, til eitt felag hevur vunni\u00f0.<\/p><\/div><\/div>\t\t\t\t<\/div>\n\t\t\t\t<\/div>\n\t\t\t\t<div class=\"elementor-element elementor-element-d6c9df3 elementor-position-top elementor-widget elementor-widget-image-box\" data-id=\"d6c9df3\" data-element_type=\"widget\" data-widget_type=\"image-box.default\">\n\t\t\t\t<div class=\"elementor-widget-container\">\n\t\t\t\t\t<div class=\"elementor-image-box-wrapper\"><figure class=\"elementor-image-box-img\"><img decoding=\"async\" width=\"800\" height=\"600\" src=\"https:\/\/lions.fo\/tn\/wp-content\/uploads\/2025\/04\/Tulipantiltakid-800x600-1.jpg\" class=\"attachment-full size-full wp-image-65\" alt=\"\" srcset=\"https:\/\/lions.fo\/tn\/wp-content\/uploads\/2025\/04\/Tulipantiltakid-800x600-1.jpg 800w, https:\/\/lions.fo\/tn\/wp-content\/uploads\/2025\/04\/Tulipantiltakid-800x600-1-300x225.jpg 300w, https:\/\/lions.fo\/tn\/wp-content\/uploads\/2025\/04\/Tulipantiltakid-800x600-1-768x576.jpg 768w\" sizes=\"(max-width: 800px) 100vw, 800px\" \/><\/figure><div class=\"elementor-image-box-content\"><h3 class=\"elementor-image-box-title\">Tulipantiltaki\u00f0<\/h3><p class=\"elementor-image-box-description\">Vikurnar fyri p\u00e1skir ver\u00f0ur skipa\u00f0 fyri afturvendandi Tulipantiltakinum. Ta\u00f0 at berjast \u00edm\u00f3ti r\u00fasevnum og fylgjunum av teimum hevur framvegis st\u00f3ran t\u00fddning. Lions stu\u00f0lar vi\u00f0 innkomna peninginum ymiskum verk\u00e6tlanum og tilt\u00f8kum, i\u00f0 hava fyribyrgjandi virkna\u00f0.<\/p><\/div><\/div>\t\t\t\t<\/div>\n\t\t\t\t<\/div>\n\t\t\t\t<div class=\"elementor-element elementor-element-6d8f3de elementor-position-top elementor-widget elementor-widget-image-box\" data-id=\"6d8f3de\" data-element_type=\"widget\" data-widget_type=\"image-box.default\">\n\t\t\t\t<div class=\"elementor-widget-container\">\n\t\t\t\t\t<div class=\"elementor-image-box-wrapper\"><figure class=\"elementor-image-box-img\"><img decoding=\"async\" width=\"800\" height=\"600\" src=\"https:\/\/lions.fo\/tn\/wp-content\/uploads\/2025\/04\/Olavsokuframsyningin-800x600-1.jpg\" class=\"attachment-full size-full wp-image-62\" alt=\"\" srcset=\"https:\/\/lions.fo\/tn\/wp-content\/uploads\/2025\/04\/Olavsokuframsyningin-800x600-1.jpg 800w, https:\/\/lions.fo\/tn\/wp-content\/uploads\/2025\/04\/Olavsokuframsyningin-800x600-1-300x225.jpg 300w, https:\/\/lions.fo\/tn\/wp-content\/uploads\/2025\/04\/Olavsokuframsyningin-800x600-1-768x576.jpg 768w\" sizes=\"(max-width: 800px) 100vw, 800px\" \/><\/figure><div class=\"elementor-image-box-content\"><h3 class=\"elementor-image-box-title\">\u00d3lavs\u00f8kuframs\u00fdningin<\/h3><p class=\"elementor-image-box-description\">Lions Club T\u00f3rshavn skipar \u00e1 hv\u00f8rjum \u00e1ri fyri listaframs\u00fdning \u00e1 \u00d3lavs\u00f8ku \u2013 sonevndu \u00d3lavs\u00f8kuframs\u00fdningini. Frams\u00fdningin heldur til \u00ed M\u00fcllers Pakkh\u00fasi \u00ed Havn, og allir \u00e1huga\u00f0ir frams\u00fdnarar, l\u00e6rdir sum sj\u00e1lvl\u00e6rdir, eru v\u00e6lkomnir at melda s\u00edni listaverk til frams\u00fdningina.<\/p><\/div><\/div>\t\t\t\t<\/div>\n\t\t\t\t<\/div>\n\t\t\t\t<div class=\"elementor-element elementor-element-ad98707 elementor-position-top elementor-widget elementor-widget-image-box\" data-id=\"ad98707\" data-element_type=\"widget\" data-widget_type=\"image-box.default\">\n\t\t\t\t<div class=\"elementor-widget-container\">\n\t\t\t\t\t<div class=\"elementor-image-box-wrapper\"><figure class=\"elementor-image-box-img\"><img loading=\"lazy\" decoding=\"async\" width=\"800\" height=\"600\" src=\"https:\/\/lions.fo\/tn\/wp-content\/uploads\/2025\/04\/Lions-logo-800x600-1.webp\" class=\"attachment-full size-full wp-image-66\" alt=\"\" srcset=\"https:\/\/lions.fo\/tn\/wp-content\/uploads\/2025\/04\/Lions-logo-800x600-1.webp 800w, https:\/\/lions.fo\/tn\/wp-content\/uploads\/2025\/04\/Lions-logo-800x600-1-300x225.webp 300w, https:\/\/lions.fo\/tn\/wp-content\/uploads\/2025\/04\/Lions-logo-800x600-1-768x576.webp 768w\" sizes=\"(max-width: 800px) 100vw, 800px\" \/><\/figure><div class=\"elementor-image-box-content\"><h3 class=\"elementor-image-box-title\">\u00c1rsins borgari<\/h3><p class=\"elementor-image-box-description\">\u00c1 hv\u00f8rjum \u00e1ri\u00f0 letur Lions Club T\u00f3rshavn eina hei\u00f0ursl\u00f8n, sum nevnist \u00c1RSINS BORGARI. Hei\u00f0urin ver\u00f0ur latin pers\u00f3num ella felagsskapum, fyri arbei\u00f0i teirra, borgarum at frama.<\/p><\/div><\/div>\t\t\t\t<\/div>\n\t\t\t\t<\/div>\n\t\t\t\t<div class=\"elementor-element elementor-element-3afe593 elementor-position-top elementor-widget elementor-widget-image-box\" data-id=\"3afe593\" data-element_type=\"widget\" data-widget_type=\"image-box.default\">\n\t\t\t\t<div class=\"elementor-widget-container\">\n\t\t\t\t\t<div class=\"elementor-image-box-wrapper\"><figure class=\"elementor-image-box-img\"><img loading=\"lazy\" decoding=\"async\" width=\"800\" height=\"600\" src=\"https:\/\/lions.fo\/tn\/wp-content\/uploads\/2025\/04\/Lions-logo-800x600-1.webp\" class=\"attachment-full size-full wp-image-66\" alt=\"\" srcset=\"https:\/\/lions.fo\/tn\/wp-content\/uploads\/2025\/04\/Lions-logo-800x600-1.webp 800w, https:\/\/lions.fo\/tn\/wp-content\/uploads\/2025\/04\/Lions-logo-800x600-1-300x225.webp 300w, https:\/\/lions.fo\/tn\/wp-content\/uploads\/2025\/04\/Lions-logo-800x600-1-768x576.webp 768w\" sizes=\"(max-width: 800px) 100vw, 800px\" \/><\/figure><div class=\"elementor-image-box-content\"><h3 class=\"elementor-image-box-title\">Myndakalendarin<\/h3><p class=\"elementor-image-box-description\">Lions Club T\u00f3rshavn selur \u00e1 hv\u00f8rjum \u00e1ri myndakalendara vi\u00f0 myndum \u00far F\u00f8royum.<\/p><\/div><\/div>\t\t\t\t<\/div>\n\t\t\t\t<\/div>\n\t\t\t\t<div class=\"elementor-element elementor-element-9b5f626 elementor-position-top elementor-widget elementor-widget-image-box\" data-id=\"9b5f626\" data-element_type=\"widget\" data-widget_type=\"image-box.default\">\n\t\t\t\t<div class=\"elementor-widget-container\">\n\t\t\t\t\t<div class=\"elementor-image-box-wrapper\"><figure class=\"elementor-image-box-img\"><img loading=\"lazy\" decoding=\"async\" width=\"800\" height=\"600\" src=\"https:\/\/lions.fo\/tn\/wp-content\/uploads\/2025\/04\/Jolahugni-800x600-1.jpg\" class=\"attachment-full size-full wp-image-64\" alt=\"\" srcset=\"https:\/\/lions.fo\/tn\/wp-content\/uploads\/2025\/04\/Jolahugni-800x600-1.jpg 800w, https:\/\/lions.fo\/tn\/wp-content\/uploads\/2025\/04\/Jolahugni-800x600-1-300x225.jpg 300w, https:\/\/lions.fo\/tn\/wp-content\/uploads\/2025\/04\/Jolahugni-800x600-1-768x576.jpg 768w\" sizes=\"(max-width: 800px) 100vw, 800px\" \/><\/figure><div class=\"elementor-image-box-content\"><h3 class=\"elementor-image-box-title\">J\u00f3lahugni \u00ed Vi\u00f0arlundini<\/h3><p class=\"elementor-image-box-description\">Fyrsta sunnudag \u00ed advent, skipar Lions Club T\u00f3rshavn fyri \u00e1rligum advents- og familjutiltaki \u00ed j\u00f3laskr\u00fdddu Plantasjuni. J\u00f3lamenn vitja, og til ber at keypa s\u00e6r kakao, bollar og vaflur, umframt j\u00f3ladekorati\u00f3nir og anna\u00f0 til hugnan og hitan, i\u00f0 hoyrir adventini og j\u00f3lunum til.<\/p><\/div><\/div>\t\t\t\t<\/div>\n\t\t\t\t<\/div>\n\t\t\t\t<\/div>\n\t\t\t\t<div class=\"elementor-element elementor-element-be2ebb4 elementor-widget elementor-widget-facebook-page\" data-id=\"be2ebb4\" data-element_type=\"widget\" data-widget_type=\"facebook-page.default\">\n\t\t\t\t<div class=\"elementor-widget-container\">\n\t\t\t\t\t<div class=\"elementor-facebook-widget fb-page\" data-href=\"https:\/\/www.facebook.com\/lionstorshavn\" data-tabs=\"timeline\" data-height=\"2400px\" data-width=\"500px\" data-small-header=\"false\" data-hide-cover=\"false\" data-show-facepile=\"true\" data-hide-cta=\"false\" style=\"min-height: 1px;height:2400px\"><\/div>\t\t\t\t<\/div>\n\t\t\t\t<\/div>\n\t\t\t\t\t<\/div>\n\t\t\t\t<\/div>\n\t\t\t\t<\/div>\n\t\t","protected":false},"excerpt":{"rendered":"<p>Tilt\u00f8k St\u00f3rsteypadysturin \u00c1rligu st\u00f3rsteypadystirnir hj\u00e1 kvinnum og monnum \u00ed f\u00f3tb\u00f3lti ver\u00f0a sp\u00e6ldir \u00e1 T\u00f3rsv\u00f8lli \u00e1 hv\u00f8rjum \u00e1ri\u00f0, \u00e1\u00f0renn f\u00f3tb\u00f3ltskappingin byrjar. Li\u00f0ini, i\u00f0 m\u00f8tast, eru tey, i\u00f0 st\u00f3\u00f0u seg best undanfarna kappingar\u00e1r &#8211; \u00e1vikavist vinnarar av FM og vinnarin av steypakappingini. Lionsbikari\u00f0 Bestu hondb\u00f3ltsli\u00f0ini hj\u00e1 kvinnum og monnum \u00ed kappast um Lionsbikari\u00f0. Sp\u00e6lt ver\u00f0ur um ta\u00f0 [&hellip;]<\/p>\n","protected":false},"author":1,"featured_media":0,"parent":0,"menu_order":0,"comment_status":"closed","ping_status":"closed","template":"","meta":{"footnotes":""},"class_list":["post-48","page","type-page","status-publish","hentry"],"_links":{"self":[{"href":"https:\/\/lions.fo\/tn\/index.php?rest_route=\/wp\/v2\/pages\/48","targetHints":{"allow":["GET"]}}],"collection":[{"href":"https:\/\/lions.fo\/tn\/index.php?rest_route=\/wp\/v2\/pages"}],"about":[{"href":"https:\/\/lions.fo\/tn\/index.php?rest_route=\/wp\/v2\/types\/page"}],"author":[{"embeddable":true,"href":"https:\/\/lions.fo\/tn\/index.php?rest_route=\/wp\/v2\/users\/1"}],"replies":[{"embeddable":true,"href":"https:\/\/lions.fo\/tn\/index.php?rest_route=%2Fwp%2Fv2%2Fcomments&post=48"}],"version-history":[{"count":20,"href":"https:\/\/lions.fo\/tn\/index.php?rest_route=\/wp\/v2\/pages\/48\/revisions"}],"predecessor-version":[{"id":116,"href":"https:\/\/lions.fo\/tn\/index.php?rest_route=\/wp\/v2\/pages\/48\/revisions\/116"}],"wp:attachment":[{"href":"https:\/\/lions.fo\/tn\/index.php?rest_route=%2Fwp%2Fv2%2Fmedia&parent=48"}],"curies":[{"name":"wp","href":"https:\/\/api.w.org\/{rel}","templated":true}]}}